{"id":10,"date":"2024-03-21T01:16:15","date_gmt":"2024-03-21T01:16:15","guid":{"rendered":"https:\/\/club-concepcion.cl\/?page_id=10"},"modified":"2025-04-17T14:59:24","modified_gmt":"2025-04-17T14:59:24","slug":"historia-del-club","status":"publish","type":"page","link":"https:\/\/club-concepcion.cl\/?page_id=10","title":{"rendered":"Historia del Club"},"content":{"rendered":"\n<p>El Club Concepci\u00f3n, al igual que muchas otras entidades de tipo social nacidas en el siglo XIX, fue creado seg\u00fan consta en su acta de fundaci\u00f3n, con el objeto de \u00abServir para los negocios y pasatiempos de los asociados\u00bb. Imitando a los Clubes ingleses y sustituyendo a las famosas tertulias caracter\u00edsticas de aquel entonces, se convierte en el principal centro de reuni\u00f3n del progreso econ\u00f3mico, social e intelectual del sur del pa\u00eds.<\/p>\n\n\n\n<p>El verdadero impulsor de la idea de dar vida a un club social, un lugar que sirviera a la \u00abgente de respeto\u201d, que permitiera a trav\u00e9s de la libre asociaci\u00f3n de sus miembros, reunirse y pasar un rato agradable, fue el entonces Intendente de la provincia, don An\u00edbal Pinto Garmendia, quien luego de plantear la iniciativa entre sus m\u00e1s cercanos, organiz\u00f3 numerosas reuniones en las residencias de los que m\u00e1s adelante ser\u00edan los primeros socios del Club.<\/p>\n\n\n\n<p>El a\u00f1o 1867 se caracteriz\u00f3 por la llegada y fundaci\u00f3n de variadas entidades, entre las cuales se encuentran; las de inspiraci\u00f3n religiosa como; San Luis de Gonzaga, San Vicente de Paul, San Francisco Javier y una auspiciada por la Iglesia de Santo Domingo. Luego se sumar\u00eda, el Club de Se\u00f1oras, conformado en 1867 por destacadas penquistas.<\/p>\n\n\n\n<p>Los hechos descritos anteriormente, fueron ampliamente difundidos por la prensa de aquella \u00e9poca y contribuyeron a precipitar la primera reuni\u00f3n llevada a cabo en los salones de la Intendencia, un hist\u00f3rico 15 de Mayo de 1867, con el objeto de acordar las bases para el establecimiento de un club social que respondiera a las exigencias sociales de aquel entonces. Para promover la idea fueron nombrados en calidad de Directores Provisionales, los se\u00f1ores; Antonio Aninat Boissere, Manuel Za\u00f1artu Opazo, Jorge Rojas Miranda, Manuel Aldunate, Luis Plaza de los Reyes, y como Suplente don Virginio Sanhueza Novoa.&nbsp;&nbsp;&nbsp;<\/p>\n\n\n\n<p>Nueve d\u00edas despu\u00e9s este Directorio eligi\u00f3 su Mesa Directiva, la que qued\u00f3 presidida por don Antonio Aninat B. y como Secretario-Tesorero don Manuel Aldunate Lastra. La confecci\u00f3n de los primeros Estatuto recay\u00f3 en don Lisandro Mart\u00ednez Rioseco.<\/p>\n\n\n\n<p>Una casa arrendada en la calle del Comercio, actualmente Barros Arana, sirvi\u00f3 como primera sede. Ubicada frente a la residencia de don Carlos Federico Costa y donde hasta hace algunos a\u00f1os hab\u00eda funcionado la conocida Casa Gleisner, permiti\u00f3 que el 1 \u00ba de Septiembre de 1867, en un solemne acto realizado en presencia de ilustres caballeros, representativos de la actividad pol\u00edtica y econ\u00f3mica pencopolitana y futuros miembros, se diera por inaugurado el Club Concepci\u00f3n.<\/p>\n\n\n\n<p>Definido desde su fundaci\u00f3n como un \u00abClub de Hombres\u00bb, a semejanza de los clubes fundados en Inglaterra, y concordante con la cultura de la \u00e9poca.<\/p>\n\n\n\n<p><strong>El Inmueble<\/strong><\/p>\n\n\n\n<p>Una de las principales preocupaciones de los socios fundadores, fue la necesidad de contar con un inmueble apropiado, que respondiera a los requerimientos propios de un centro social. La primera sede de la Corporaci\u00f3n, como se mencion\u00f3 anteriormente, fue la de propiedad de don Juan Gabler, donde hab\u00eda funcionado hasta hac\u00eda algunos meses el Club Mas\u00f3nico. Debido a que se trataba de un lugar estrecho, se resolvi\u00f3 se trasladara al inmueble de don Agust\u00edn Vargas Novoa, el cual, si bien reun\u00eda las comodidades necesarias, tampoco pudo albergar a los casi 150 socios de la Instituci\u00f3n, por lo que se debi\u00f3 por tercera vez, mudarse a una nueva sede, esta vez ubicada en calle O&#8217;Higgins al lado del entonces Banco Concepci\u00f3n y que m\u00e1s tarde pertenecer\u00eda a la familia L\u00f3pez de Heredia.&nbsp;<\/p>\n\n\n\n<p>Durante tres a\u00f1os este lugar se mantuvo como sede del Club, hasta que a ra\u00edz de problemas con la testamentaria correspondiente debi\u00f3 trasladarse a un lugar ubicado en los altos de la casa de don Jos\u00e9 Antonio Astorga, si bien absolutamente inadecuado para el Club, permiti\u00f3 dar a la Instituci\u00f3n la estabilidad necesaria y evitar de esta forma su desaparici\u00f3n.<\/p>\n\n\n\n<p>Cansados de los continuos cambios de domicilio, se acord\u00f3 comprar un sitio y de esta forma construir una sede definitiva. El dinero del terreno lo obtendr\u00edan con la cooperaci\u00f3n de los socios. Fue as\u00ed como don Lisandro Mart\u00ednez Rioseco se dirigi\u00f3 a don Guillermo Gibson D\u00e9lano, due\u00f1o del sitio que actualmente ocupa el Club, con el prop\u00f3sito de comprar aquel terreno. Luego de escuchar atentamente la solicitud replic\u00f3 \u00abNo vendo ese sitio al Club Concepci\u00f3n, pero se lo regalo y ma\u00f1ana otorgar\u00e9 la escritura de donaci\u00f3n.\u00bb<\/p>\n\n\n\n<p>Las conversaciones para decidir la construcci\u00f3n no tardaron en comenzar. Una de las primeras medidas adoptadas fue la creaci\u00f3n de una Comisi\u00f3n especial denominada, \u00abComisi\u00f3n de Fabrica\u00bb, la cual tendr\u00eda a su cargo la edificaci\u00f3n de la anhelada sede. Los planos fueron encargados al Arquitecto Ferm\u00edn Vivaceta.<\/p>\n\n\n\n<p>El a\u00f1o 1876, bajo la direcci\u00f3n del Contratista, Juan Quant, se iniciaron los trabajos, los cuales debieron ser suspendidos hasta 1883 debido a la falta de fondos, producto de la crisis econ\u00f3mica que azotaba a la regi\u00f3n y el pa\u00eds, reanud\u00e1ndose a principios de 1884 y finalizando dos a\u00f1os m\u00e1s tarde, con la inauguraci\u00f3n de las dependencias.<\/p>\n\n\n\n<p>Gracias a la generosidad del se\u00f1or D\u00e9lano, en Septiembre de 1886 se entrega el nuevo inmueble, el que luego resultar\u00e1 totalmente destruido a consecuencia del devastador terremoto de 1939. En la ocasi\u00f3n la Instituci\u00f3n debe lamentar la p\u00e9rdida de cinco ilustres miembros que se encontraban en la sala de Billares al momento del sismo, adem\u00e1s de la totalidad del patrimonio art\u00edstico. Debido a lo anterior y con el prop\u00f3sito de seguir funcionando se arrienda un caser\u00f3n situado en la calle Caupolic\u00e1n, lugar donde permanece hasta 1942. Ese mismo a\u00f1o se entrega el edificio definitivo, dependencias que ocupa hasta la fecha y que le ha permitido convertirse en un centro de elevada sociabilidad y de profundo significado para la comunidad penquista.<\/p>\n\n\n\n<p class=\"has-text-align-left\"><\/p>\n","protected":false},"excerpt":{"rendered":"<p>El Club Concepci\u00f3n, al igual que muchas otras entidades de tipo social nacidas en el siglo XIX, fue creado seg\u00fan consta en su acta de fundaci\u00f3n, con el objeto de \u00abServir para los negocios y pasatiempos de los asociados\u00bb. Imitando a los Clubes ingleses y sustituyendo a las famosas tertulias [&hellip;]<\/p>\n","protected":false},"author":1,"featured_media":0,"parent":0,"menu_order":0,"comment_status":"closed","ping_status":"closed","template":"","meta":{"footnotes":""},"class_list":["post-10","page","type-page","status-publish","hentry"],"_links":{"self":[{"href":"https:\/\/club-concepcion.cl\/index.php?rest_route=\/wp\/v2\/pages\/10","targetHints":{"allow":["GET"]}}],"collection":[{"href":"https:\/\/club-concepcion.cl\/index.php?rest_route=\/wp\/v2\/pages"}],"about":[{"href":"https:\/\/club-concepcion.cl\/index.php?rest_route=\/wp\/v2\/types\/page"}],"author":[{"embeddable":true,"href":"https:\/\/club-concepcion.cl\/index.php?rest_route=\/wp\/v2\/users\/1"}],"replies":[{"embeddable":true,"href":"https:\/\/club-concepcion.cl\/index.php?rest_route=%2Fwp%2Fv2%2Fcomments&post=10"}],"version-history":[{"count":8,"href":"https:\/\/club-concepcion.cl\/index.php?rest_route=\/wp\/v2\/pages\/10\/revisions"}],"predecessor-version":[{"id":533,"href":"https:\/\/club-concepcion.cl\/index.php?rest_route=\/wp\/v2\/pages\/10\/revisions\/533"}],"wp:attachment":[{"href":"https:\/\/club-concepcion.cl\/index.php?rest_route=%2Fwp%2Fv2%2Fmedia&parent=10"}],"curies":[{"name":"wp","href":"https:\/\/api.w.org\/{rel}","templated":true}]}}