{"id":101,"date":"2024-03-22T01:21:49","date_gmt":"2024-03-22T01:21:49","guid":{"rendered":"https:\/\/club-concepcion.cl\/?page_id=101"},"modified":"2026-04-28T22:51:28","modified_gmt":"2026-04-28T22:51:28","slug":"directorio","status":"publish","type":"page","link":"https:\/\/club-concepcion.cl\/?page_id=101","title":{"rendered":"Directorio"},"content":{"rendered":"\n<p><strong>Presidente<\/strong><\/p>\n\n\n\n<p>Don Leoncio Toro Araya<\/p>\n\n\n\n<p><strong>Vice-Presidente<\/strong><\/p>\n\n\n\n<p>Don Ren\u00e9 Valderrama Molina<\/p>\n\n\n\n<p><strong>Secretario<\/strong><\/p>\n\n\n\n<p>Don Gonzalo Elgueta Ortiz<\/p>\n\n\n\n<p><strong>Tesorero<\/strong><\/p>\n\n\n\n<p>Don Gonzalo Villanueva Ab\u00e1solo<\/p>\n\n\n\n<p><strong>Directores<\/strong><\/p>\n\n\n\n<p>Don Iv\u00e1n Araya G\u00f3mez<\/p>\n\n\n\n<p>Don Patricio Quiero Hasb\u00fan<\/p>\n\n\n\n<p>Don Eduardo Sarkis Sfeir<\/p>\n\n\n\n<p><strong>Past-President<\/strong><\/p>\n\n\n\n<p>Don Ricardo Spoerer O&#8217;Reilly<\/p>\n\n\n\n<p><\/p>\n","protected":false},"excerpt":{"rendered":"<p>Presidente Don Leoncio Toro Araya Vice-Presidente Don Ren\u00e9 Valderrama Molina Secretario Don Gonzalo Elgueta Ortiz Tesorero Don Gonzalo Villanueva Ab\u00e1solo Directores Don Iv\u00e1n Araya G\u00f3mez Don Patricio Quiero Hasb\u00fan Don Eduardo Sarkis Sfeir Past-President Don Ricardo Spoerer O&#8217;Reilly<\/p>\n","protected":false},"author":1,"featured_media":0,"parent":0,"menu_order":0,"comment_status":"closed","ping_status":"closed","template":"","meta":{"footnotes":""},"class_list":["post-101","page","type-page","status-publish","hentry"],"_links":{"self":[{"href":"https:\/\/club-concepcion.cl\/index.php?rest_route=\/wp\/v2\/pages\/101","targetHints":{"allow":["GET"]}}],"collection":[{"href":"https:\/\/club-concepcion.cl\/index.php?rest_route=\/wp\/v2\/pages"}],"about":[{"href":"https:\/\/club-concepcion.cl\/index.php?rest_route=\/wp\/v2\/types\/page"}],"author":[{"embeddable":true,"href":"https:\/\/club-concepcion.cl\/index.php?rest_route=\/wp\/v2\/users\/1"}],"replies":[{"embeddable":true,"href":"https:\/\/club-concepcion.cl\/index.php?rest_route=%2Fwp%2Fv2%2Fcomments&post=101"}],"version-history":[{"count":7,"href":"https:\/\/club-concepcion.cl\/index.php?rest_route=\/wp\/v2\/pages\/101\/revisions"}],"predecessor-version":[{"id":1080,"href":"https:\/\/club-concepcion.cl\/index.php?rest_route=\/wp\/v2\/pages\/101\/revisions\/1080"}],"wp:attachment":[{"href":"https:\/\/club-concepcion.cl\/index.php?rest_route=%2Fwp%2Fv2%2Fmedia&parent=101"}],"curies":[{"name":"wp","href":"https:\/\/api.w.org\/{rel}","templated":true}]}}