{"id":110,"date":"2024-03-22T01:23:30","date_gmt":"2024-03-22T01:23:30","guid":{"rendered":"https:\/\/club-concepcion.cl\/?page_id=110"},"modified":"2024-08-26T22:31:39","modified_gmt":"2024-08-26T22:31:39","slug":"clubes-de-intercambio","status":"publish","type":"page","link":"https:\/\/club-concepcion.cl\/?page_id=110","title":{"rendered":"Clubes de Intercambio"},"content":{"rendered":"\n<p><strong>CORRESPONSAL\u00cdAS CON CLUBES NACIONALES<\/strong><\/p>\n\n\n\n<div class=\"wp-block-columns is-layout-flex wp-container-core-columns-is-layout-9d6595d7 wp-block-columns-is-layout-flex\">\n<div class=\"wp-block-column is-layout-flow wp-block-column-is-layout-flow\">\n<p>Club Naval, Valpara\u00edso\n<br>Club Vi\u00f1a del Mar\n<br>Club de la Uni\u00f3n de Santiago\n<br>Club de la Uni\u00f3n de Punta Arenas\n<br>Club Militar\n<br>Club Talca\n<br>Club Osorno\n<br>Club El Golf 50\n<br>Club de Campo La Posada\n<br>Club Naval de Campo Las Salinas<\/p>\n<\/div>\n\n\n\n<div class=\"wp-block-column is-layout-flow wp-block-column-is-layout-flow\">\n<p><a href=\"http:\/\/www.clubnaval.cl\" target=\"_blank\" rel=\"noreferrer noopener\">www.clubnaval.cl<\/a><br><a href=\"http:\/\/www.clubvina.cl\" target=\"_blank\" rel=\"noreferrer noopener\">www.clubvina.cl<\/a><br><a href=\"http:\/\/www.clubdelaunion.cl\" target=\"_blank\" rel=\"noreferrer noopener\">www.clubdelaunion.cl<\/a><br><a href=\"mailto:clunion@entelchile.net\" target=\"_blank\" rel=\"noreferrer noopener\">clunion@entelchile.net<\/a><br><a href=\"mailto:club.militar@ejercito.cl\" target=\"_blank\" rel=\"noreferrer noopener\">club.militar@ejercito.cl<\/a><br><a href=\"http:\/\/www.clubtalca.cl\" target=\"_blank\" rel=\"noreferrer noopener\">www.clubtalca.cl<\/a><br><a href=\"mailto:clubosorno@telsur.cl\">clubosorno@telsur.cl<\/a><br><a href=\"http:\/\/www.clubelgolf50.cl\" target=\"_blank\" rel=\"noreferrer noopener\">www.clubelgolf50.cl<\/a><br><a href=\"http:\/\/www.laposada.cl\">www.laposada.cl<\/a><br><a href=\"http:\/\/www.cncs.cl\" target=\"_blank\" rel=\"noreferrer noopener\">www.cncs.cl<\/a><\/p>\n<\/div>\n<\/div>\n\n\n\n<p><strong>CORRESPONSAL\u00cdAS CON CLUBES INTERNACIONALES<\/strong><\/p>\n\n\n\n<div class=\"wp-block-columns is-layout-flex wp-container-core-columns-is-layout-9d6595d7 wp-block-columns-is-layout-flex\">\n<div class=\"wp-block-column is-layout-flow wp-block-column-is-layout-flow\">\n<p>Real Casino de Madrid, Espa\u00f1a<br>Club Centenario de Paraguay<br>Club de la Uni\u00f3n de Guayaquil, Ecuador&nbsp;&nbsp;<br>Club Uruguay, Montevideo, Uruguay<br>Club de la Uni\u00f3n de Lima, Per\u00fa<br>Gremio Literario, Lisboa, Portugal<br>Casino de Tenerife, Espa\u00f1a<br>C\u00edrculo de la Uni\u00f3n de la Paz, Bolivia<br>Club Real Gran Pe\u00f1a, Madrid, Espa\u00f1a<\/p>\n<\/div>\n\n\n\n<div class=\"wp-block-column is-layout-flow wp-block-column-is-layout-flow\">\n<p><a href=\"http:\/\/www.casinodemadrid.es\" target=\"_blank\" rel=\"noreferrer noopener\">www.casinodemadrid.es<\/a><br><a href=\"http:\/\/www.clubcentenario.org.py\" target=\"_blank\" rel=\"noreferrer noopener\">www.clubcentenario.org.py<\/a><br><a href=\"http:\/\/www.clubdelaunion.net\" target=\"_blank\" rel=\"noreferrer noopener\">www.clubdelaunion.net<\/a><br><a href=\"mailto:cluburug@adimet.com.uy\" target=\"_blank\" rel=\"noreferrer noopener\">cluburug@adimet.com.uy<\/a><br><a href=\"http:\/\/www.clubdelaunion.com.pe\" target=\"_blank\" rel=\"noreferrer noopener\">www.clubdelaunion.com.pe<\/a><br><a href=\"http:\/\/www.gremioliterario.pt\" target=\"_blank\" rel=\"noreferrer noopener\">www.gremioliterario.pt<\/a><br><a href=\"http:\/\/www.casinodetenerife.es\" target=\"_blank\" rel=\"noreferrer noopener\">www.casinodetenerife.es<\/a><br><a href=\"http:\/\/www.circulounion.com\" target=\"_blank\" rel=\"noreferrer noopener\">www.circulounion.com<\/a><br><a href=\"http:\/\/www.rcmarsc.es\" target=\"_blank\" rel=\"noreferrer noopener\">www.rcmarsc.es<\/a><\/p>\n<\/div>\n<\/div>\n","protected":false},"excerpt":{"rendered":"<p>CORRESPONSAL\u00cdAS CON CLUBES NACIONALES Club Naval, Valpara\u00edso Club Vi\u00f1a del Mar Club de la Uni\u00f3n de Santiago Club de la Uni\u00f3n de Punta Arenas Club Militar Club Talca Club Osorno Club El Golf 50 Club de Campo La Posada Club Naval de Campo Las Salinas www.clubnaval.clwww.clubvina.clwww.clubdelaunion.clclunion@entelchile.netclub.militar@ejercito.clwww.clubtalca.clclubosorno@telsur.clwww.clubelgolf50.clwww.laposada.clwww.cncs.cl CORRESPONSAL\u00cdAS CON CLUBES INTERNACIONALES [&hellip;]<\/p>\n","protected":false},"author":1,"featured_media":0,"parent":0,"menu_order":0,"comment_status":"closed","ping_status":"closed","template":"","meta":{"footnotes":""},"class_list":["post-110","page","type-page","status-publish","hentry"],"_links":{"self":[{"href":"https:\/\/club-concepcion.cl\/index.php?rest_route=\/wp\/v2\/pages\/110","targetHints":{"allow":["GET"]}}],"collection":[{"href":"https:\/\/club-concepcion.cl\/index.php?rest_route=\/wp\/v2\/pages"}],"about":[{"href":"https:\/\/club-concepcion.cl\/index.php?rest_route=\/wp\/v2\/types\/page"}],"author":[{"embeddable":true,"href":"https:\/\/club-concepcion.cl\/index.php?rest_route=\/wp\/v2\/users\/1"}],"replies":[{"embeddable":true,"href":"https:\/\/club-concepcion.cl\/index.php?rest_route=%2Fwp%2Fv2%2Fcomments&post=110"}],"version-history":[{"count":16,"href":"https:\/\/club-concepcion.cl\/index.php?rest_route=\/wp\/v2\/pages\/110\/revisions"}],"predecessor-version":[{"id":328,"href":"https:\/\/club-concepcion.cl\/index.php?rest_route=\/wp\/v2\/pages\/110\/revisions\/328"}],"wp:attachment":[{"href":"https:\/\/club-concepcion.cl\/index.php?rest_route=%2Fwp%2Fv2%2Fmedia&parent=110"}],"curies":[{"name":"wp","href":"https:\/\/api.w.org\/{rel}","templated":true}]}}