{"id":212,"date":"2024-04-07T02:33:56","date_gmt":"2024-04-07T02:33:56","guid":{"rendered":"https:\/\/club-concepcion.cl\/?page_id=212"},"modified":"2025-05-02T15:44:54","modified_gmt":"2025-05-02T15:44:54","slug":"incorporacion","status":"publish","type":"page","link":"https:\/\/club-concepcion.cl\/?page_id=212","title":{"rendered":"Incorporaci\u00f3n"},"content":{"rendered":"\n<p><strong>SER SOCIOS DEL CLUB CONCEPCI\u00d3N<\/strong><\/p>\n\n\n\n<p>Las personas que accedan como socios del Club Concepci\u00f3n, pertenecer\u00e1n a una instituci\u00f3n de gran prestigio, ganado en sus 150 a\u00f1os de vida, con un capital humano de gran magnitud, al contar con m\u00e1s de 600 asociados del primer nivel social y cultural de nuestra zona, quienes consideran un honor su participaci\u00f3n.<\/p>\n\n\n\n<p>Adicionalmente a ello, contar\u00e1n con los siguientes beneficios materiales que detallaremos a continuaci\u00f3n:<\/p>\n\n\n\n<p><strong>GENERAL:<\/strong> El Club tiene un prestigio ganado por los altos niveles de su atenci\u00f3n, gastronom\u00eda, implementaci\u00f3n de sus dependencias, elegancia, ambiente social agradable y de amistad, preocupaci\u00f3n por el entretenimiento de sus asociados desarrollando diversas actividades para ello, tanto en los campos de entretenciones l\u00fadicas, sociales y culturales.<\/p>\n\n\n\n<p><strong>ATENCI\u00d3N:<\/strong> Para la atenci\u00f3n general en todas sus dependencias, existe un personal muy capacitado, la mayor parte de ellos con a\u00f1os de experiencia que los hace ser muy expeditos y agradables en su trato.<\/p>\n\n\n\n<p><strong>GASTRONOM\u00cdA:<\/strong> La gastronom\u00eda del Club Concepci\u00f3n tiene una alta calidad y prestigio ganados con la antig\u00fcedad y preocupaci\u00f3n permanente de superaci\u00f3n. Dispone de una carta muy variada en la que se destacan platos t\u00edpicos de la cocina chilena, m\u00e1s una variedad de cocina internacional en base a carnes, pescados, mariscos, pastas, etc., a lo que se agrega una variedad de ricos postres y una completa carta de vinos, todo ello servido con elegancia y acompa\u00f1ado de una panera con variedad de panes y galletas. Se agrega a lo anterior la disposici\u00f3n de almuerzos ejecutivos de gran calidad con precios muy m\u00f3dicos. Es necesario destacar que en general las comidas en el Club, son alrededor de un 20% m\u00e1s baratas que las de restoranes que pudieran asemejarse por su calidad, ello sin considerar que adem\u00e1s el club otorga un 10% de descuento a sus asociados. El \u00e1rea de Bar, dispone de toda clase de bebidas y tragos, todos ellos preparados por sus expertos barman y servidos, ya sea en la barra, las mesas del bar o enviados a otras dependencias del Club.<\/p>\n\n\n\n<p><strong>INFRAESTRUCTURA:<\/strong> Las dependencias del Club son \u00fanicas y est\u00e1n emplazadas en pleno centro de Concepci\u00f3n, en un edificio de gran tama\u00f1o, construido con la elegancia necesaria para un Club de su categor\u00eda, todo ello alhajado con finura de construcci\u00f3n e implementaci\u00f3n de mobiliario y adornos. Cuenta con grandes salones para eventos masivos, de un espacio de bar, sal\u00f3n de juego de pool-billar-billa, adem\u00e1s de diversos otros salones para usos diversos, entre los que se destacan una sala de lectura muy bien implementada y c\u00f3moda que dispone de gran variedad de revistas y diarios con cafeter\u00eda gratis y computadores, sal\u00f3n con canchas de palitroque, una sala especialmente implementada para la realizaci\u00f3n de exposiciones y terrazas para un estar m\u00e1s al aire libre, todos ellos muy bien equipados. Adem\u00e1s, actualmente se est\u00e1 implementando un \u00e1rea especialmente dise\u00f1ada y equipada para que nuestros socios la puedan usar como oficinas transitorias de trabajo y reuniones, ello pensando principalmente para aquellos socios que no tienen un lugar permanente donde realizar sus actividades laborales, por estar en etapas iniciales de sus profesiones.<\/p>\n\n\n\n<p><strong>ENTRETENIMIENTO:<\/strong> El Club, a trav\u00e9s de comisiones especiales, se preocupa de organizar eventos sociales, culturales y l\u00fadicos para la entretenci\u00f3n de sus asociados. As\u00ed, en los salones adecuados, se organizan campeonatos de juegos varios de sal\u00f3n, conferencias y exposiciones sobre temas de variados intereses. Todo ello adem\u00e1s de facilidades para la organizaci\u00f3n de eventos solicitados por los asociados, ya sean de inter\u00e9s particular o bien organizados por las empresas donde ellos participan.<\/p>\n\n\n\n<p><strong>INDUMENTARIA:<\/strong> Hasta hace poco tiempo el Club exig\u00eda tenida formal (chaqueta y corbata) para ingresar. Desde hace unos tres a\u00f1os, se ha ido flexibilizando la exigencia, hasta hoy d\u00eda, en que se puede ingresar en tenida informal, vale decir, se autoriza usarlas en todas las dependencias del primer piso y comedores del segundo piso, estando a\u00fan vigente la exigencia de formalidad para el sector de salones grandes del segundo piso y cuando alg\u00fan evento exige tenida formal. La tenida informal consiste en que se puede usar hasta casaca y jeans, pero no zapatillas. Obviamente, que siempre guardando buenas formas de tenidas informales.<\/p>\n\n\n\n<p><strong>PARTICIPACI\u00d3N DE FAMILIARES:<\/strong> Los familiares directos del socio, vale decir esposa e hijas y los hijos mientras no tengan edad para ser socios, tienen derecho a usar en propiedad las dependencias. En el caso de matrimonios de hijas e hijos de socios y nietas y nietos de socios, no se cobran los derechos de salones.<\/p>\n\n\n\n<p><strong>INCORPORACI\u00d3N DE SOCIOS<\/strong><\/p>\n\n\n\n<p>Para ser Socio del Club Concepci\u00f3n el interesado, cualquiera sea la categor\u00eda a la que postula (activo, transe\u00fante o estudiante), el candidato deber\u00e1 cumplir con los siguientes requisitos:<\/p>\n\n\n\n<p>1.- Presentar Ficha de Incorporaci\u00f3n, la que debe ser dirigida al Presidente de la Corporaci\u00f3n (Retirar Ficha en Oficina de Atenci\u00f3n Socios).<\/p>\n\n\n\n<p>2.- Contar con el patrocinio de 2 socios del Club Concepci\u00f3n, que tengan una antig\u00fcedad m\u00ednima de 5 a\u00f1os en la Instituci\u00f3n. Los Socios Patrocinadores no podr\u00e1n ser miembros del Directorio o de la Junta Calificadora y Disciplinaria del Club, ni tener relaci\u00f3n consangu\u00ednea con alg\u00fan miembro de estos estamentos hasta en tercer grado de parentesco con el postulante.<\/p>\n\n\n\n<p>3.- Adem\u00e1s debe adjuntar:<\/p>\n\n\n\n<p>\u2022 Fotograf\u00eda formal Tama\u00f1o Carn\u00e9.<br>\u2022 Fotocopia C\u00e9dula de Identidad.<br>\u2022 Informe Comercial de la C\u00e1mara de Comercio.<br>\u2022 Estudiantes deber\u00e1n presentar Certificado de Alumno Regular.<\/p>\n\n\n\n<p>Todas las <strong>Solicitudes de Admisi\u00f3n<\/strong> ser\u00e1n sometidas a consideraci\u00f3n de la Junta Calificadora y Disciplinaria del Club. Una vez aprobada la postulaci\u00f3n a Socio del Club por las instancias estatutarias respectivas y \u00e9ste hubiere cumplido todos los requisitos administrativos (pago cuota de incorporaci\u00f3n), el socio que haya propuesto al candidato podr\u00e1 optar a la exenci\u00f3n de pago de la cuota social mensual por un periodo de hasta tres meses, anot\u00e1ndose al efecto en un Libro Especial que se mantendr\u00e1 en Secretar\u00eda.<\/p>\n\n\n\n<p>Para el caso que el nuevo socio no cumpliere los requisitos administrativos, no regir\u00e1 la exenci\u00f3n.<\/p>\n\n\n\n<p>Este&nbsp; beneficio&nbsp; no&nbsp; se&nbsp; contempla&nbsp; para&nbsp; los&nbsp; integrantes&nbsp; del&nbsp; Directorio,&nbsp; Junta Calificadora y Disciplinaria y Comisi\u00f3n Revisora de Cuentas.<\/p>\n\n\n\n<p>Una vez aceptada la Solicitud deber\u00e1 cancelar:<br>Categor\u00eda Socio Activo:<br>Cuota de Incorporaci\u00f3n: 5 UF<br>Cuota Social Mensual: 2.1 UF<\/p>\n\n\n\n<p><\/p>\n","protected":false},"excerpt":{"rendered":"<p>SER SOCIOS DEL CLUB CONCEPCI\u00d3N Las personas que accedan como socios del Club Concepci\u00f3n, pertenecer\u00e1n a una instituci\u00f3n de gran prestigio, ganado en sus 150 a\u00f1os de vida, con un capital humano de gran magnitud, al contar con m\u00e1s de 600 asociados del primer nivel social y cultural de nuestra [&hellip;]<\/p>\n","protected":false},"author":1,"featured_media":0,"parent":0,"menu_order":0,"comment_status":"closed","ping_status":"closed","template":"","meta":{"footnotes":""},"class_list":["post-212","page","type-page","status-publish","hentry"],"_links":{"self":[{"href":"https:\/\/club-concepcion.cl\/index.php?rest_route=\/wp\/v2\/pages\/212","targetHints":{"allow":["GET"]}}],"collection":[{"href":"https:\/\/club-concepcion.cl\/index.php?rest_route=\/wp\/v2\/pages"}],"about":[{"href":"https:\/\/club-concepcion.cl\/index.php?rest_route=\/wp\/v2\/types\/page"}],"author":[{"embeddable":true,"href":"https:\/\/club-concepcion.cl\/index.php?rest_route=\/wp\/v2\/users\/1"}],"replies":[{"embeddable":true,"href":"https:\/\/club-concepcion.cl\/index.php?rest_route=%2Fwp%2Fv2%2Fcomments&post=212"}],"version-history":[{"count":4,"href":"https:\/\/club-concepcion.cl\/index.php?rest_route=\/wp\/v2\/pages\/212\/revisions"}],"predecessor-version":[{"id":550,"href":"https:\/\/club-concepcion.cl\/index.php?rest_route=\/wp\/v2\/pages\/212\/revisions\/550"}],"wp:attachment":[{"href":"https:\/\/club-concepcion.cl\/index.php?rest_route=%2Fwp%2Fv2%2Fmedia&parent=212"}],"curies":[{"name":"wp","href":"https:\/\/api.w.org\/{rel}","templated":true}]}}