{"id":595,"date":"2025-06-27T14:51:21","date_gmt":"2025-06-27T14:51:21","guid":{"rendered":"https:\/\/club-concepcion.cl\/?page_id=595"},"modified":"2025-06-27T15:25:50","modified_gmt":"2025-06-27T15:25:50","slug":"salones","status":"publish","type":"page","link":"https:\/\/club-concepcion.cl\/?page_id=595","title":{"rendered":"Salones"},"content":{"rendered":"\n<p><img decoding=\"async\" src=\"https:\/\/web.archive.org\/web\/20150902083856im_\/http:\/\/www.club-concepcion.cl\/wp-content\/themes\/club\/images\/concepcion1.png\" alt=\"\"><\/p>\n\n\n\n<h2 class=\"wp-block-heading\">Concepci\u00f3n I<\/h2>\n\n\n\n<ul class=\"wp-block-list\">\n<li>Auditorio\u00a0130 PAX<\/li>\n\n\n\n<li>Mesas Redondas\u00a0140 PAX<\/li>\n\n\n\n<li>Mesa Imperial\u00a040 PAX<\/li>\n<\/ul>\n\n\n\n<figure class=\"wp-block-image\"><img decoding=\"async\" src=\"https:\/\/web.archive.org\/web\/20150902083856im_\/http:\/\/www.club-concepcion.cl\/wp-content\/themes\/club\/images\/mesas.png\" alt=\"\"\/><\/figure>\n\n\n\n<p><a href=\"https:\/\/web.archive.org\/web\/20150902083856\/http:\/\/www.club-concepcion.cl\/concepcion2.html\"><\/a><br><img decoding=\"async\" src=\"https:\/\/web.archive.org\/web\/20150902083856im_\/http:\/\/www.club-concepcion.cl\/wp-content\/themes\/club\/images\/concepcion2.png\" alt=\"\"><\/p>\n\n\n\n<h2 class=\"wp-block-heading\">Concepci\u00f3n II<\/h2>\n\n\n\n<ul class=\"wp-block-list\">\n<li>Auditorio\u00a0170 PAX<\/li>\n\n\n\n<li>Mesas Redondas\u00a0160 PAX<\/li>\n\n\n\n<li>Mesa Imperial\u00a040 PAX<\/li>\n<\/ul>\n\n\n\n<figure class=\"wp-block-image\"><img decoding=\"async\" src=\"https:\/\/web.archive.org\/web\/20150902083856im_\/http:\/\/www.club-concepcion.cl\/wp-content\/themes\/club\/images\/mesas.png\" alt=\"\"\/><\/figure>\n\n\n\n<p><a href=\"https:\/\/web.archive.org\/web\/20150902083856\/http:\/\/www.club-concepcion.cl\/concepcion1_2.html\"><\/a><br><img decoding=\"async\" src=\"https:\/\/web.archive.org\/web\/20150902083856im_\/http:\/\/www.club-concepcion.cl\/wp-content\/themes\/club\/images\/concepcion1_2.png\" alt=\"\"><\/p>\n\n\n\n<h2 class=\"wp-block-heading\">Concepci\u00f3n I y II<\/h2>\n\n\n\n<ul class=\"wp-block-list\">\n<li>Auditorio\u00a0300 PAX<\/li>\n\n\n\n<li>Mesas Redondas\u00a0300 PAX<\/li>\n<\/ul>\n\n\n\n<figure class=\"wp-block-image\"><img decoding=\"async\" src=\"https:\/\/web.archive.org\/web\/20150902083856im_\/http:\/\/www.club-concepcion.cl\/wp-content\/themes\/club\/images\/mesas.png\" alt=\"\"\/><\/figure>\n\n\n\n<p><a href=\"https:\/\/web.archive.org\/web\/20150902083856\/http:\/\/www.club-concepcion.cl\/bio_bio.html\"><\/a><br><img decoding=\"async\" src=\"https:\/\/web.archive.org\/web\/20150902083856im_\/http:\/\/www.club-concepcion.cl\/wp-content\/themes\/club\/images\/bio_bio.png\" alt=\"\"><\/p>\n\n\n\n<h2 class=\"wp-block-heading\">B\u00edo B\u00edo<\/h2>\n\n\n\n<ul class=\"wp-block-list\">\n<li>Auditorio 48 PAX<\/li>\n\n\n\n<li>Mesas Redondas 60 PAX<\/li>\n\n\n\n<li>Mesa Imperial 25 PAX<\/li>\n<\/ul>\n\n\n\n<figure class=\"wp-block-image\"><img decoding=\"async\" src=\"https:\/\/web.archive.org\/web\/20150902083856im_\/http:\/\/www.club-concepcion.cl\/wp-content\/themes\/club\/images\/mesas.png\" alt=\"\"\/><\/figure>\n\n\n\n<p><a href=\"https:\/\/web.archive.org\/web\/20150902083856\/http:\/\/www.club-concepcion.cl\/tropical.html\"><\/a><br><img decoding=\"async\" src=\"https:\/\/web.archive.org\/web\/20150902083856im_\/http:\/\/www.club-concepcion.cl\/wp-content\/uploads\/tropical.png\" alt=\"\"><\/p>\n\n\n\n<h2 class=\"wp-block-heading\">Tropical<\/h2>\n\n\n\n<ul class=\"wp-block-list\">\n<li>Auditorio\u00a030 PAX<\/li>\n\n\n\n<li>Mesas Redondas\u00a040 PAX<\/li>\n\n\n\n<li>Mesa Imperial\u00a020 PAX<\/li>\n<\/ul>\n\n\n\n<figure class=\"wp-block-image\"><img decoding=\"async\" src=\"https:\/\/web.archive.org\/web\/20150902083856im_\/http:\/\/www.club-concepcion.cl\/wp-content\/themes\/club\/images\/mesas.png\" alt=\"\"\/><\/figure>\n\n\n\n<p><a href=\"https:\/\/web.archive.org\/web\/20150902083856\/http:\/\/www.club-concepcion.cl\/fundadores.html\"><\/a><br><img decoding=\"async\" src=\"https:\/\/web.archive.org\/web\/20150902083856im_\/http:\/\/www.club-concepcion.cl\/wp-content\/uploads\/fundadores.png\" alt=\"\"><\/p>\n\n\n\n<h2 class=\"wp-block-heading\">Fundadores<\/h2>\n\n\n\n<ul class=\"wp-block-list\">\n<li>Auditorio\u00a070 PAX<\/li>\n\n\n\n<li>Mesas Redondas\u00a080 PAX<\/li>\n\n\n\n<li>Mesa Imperial\u00a025 PAX<\/li>\n<\/ul>\n\n\n\n<figure class=\"wp-block-image\"><img decoding=\"async\" src=\"https:\/\/web.archive.org\/web\/20150902083856im_\/http:\/\/www.club-concepcion.cl\/wp-content\/themes\/club\/images\/mesas.png\" alt=\"\"\/><\/figure>\n\n\n\n<p><a href=\"https:\/\/web.archive.org\/web\/20150902083856\/http:\/\/www.club-concepcion.cl\/juan.html\"><\/a><br><img decoding=\"async\" src=\"https:\/\/web.archive.org\/web\/20150902083856im_\/http:\/\/www.club-concepcion.cl\/wp-content\/uploads\/juan.png\" alt=\"\"><\/p>\n\n\n\n<h2 class=\"wp-block-heading\">Juan Antonio R\u00edos<\/h2>\n\n\n\n<ul class=\"wp-block-list\">\n<li>Mesa Imperial\u00a012 PAX<\/li>\n<\/ul>\n\n\n\n<figure class=\"wp-block-image\"><img decoding=\"async\" src=\"https:\/\/web.archive.org\/web\/20150902083856im_\/http:\/\/www.club-concepcion.cl\/wp-content\/themes\/club\/images\/imperial.png\" alt=\"\"\/><\/figure>\n\n\n\n<p><a href=\"https:\/\/web.archive.org\/web\/20150902083856\/http:\/\/www.club-concepcion.cl\/anibal.html\"><\/a><br><img decoding=\"async\" src=\"https:\/\/web.archive.org\/web\/20150902083856im_\/http:\/\/www.club-concepcion.cl\/wp-content\/themes\/club\/images\/anibal_pinto.png\" alt=\"\"><\/p>\n\n\n\n<h2 class=\"wp-block-heading\">An\u00edbal Pinto<\/h2>\n\n\n\n<ul class=\"wp-block-list\">\n<li>Mesa Imperial 15 PAX<\/li>\n<\/ul>\n\n\n\n<figure class=\"wp-block-image\"><img decoding=\"async\" src=\"https:\/\/web.archive.org\/web\/20150902083856im_\/http:\/\/www.club-concepcion.cl\/wp-content\/themes\/club\/images\/imperial.png\" alt=\"\"\/><\/figure>\n\n\n\n<p><a href=\"https:\/\/web.archive.org\/web\/20150902083856\/http:\/\/www.club-concepcion.cl\/delano.html\"><\/a><br><img decoding=\"async\" src=\"https:\/\/web.archive.org\/web\/20150902083856im_\/http:\/\/www.club-concepcion.cl\/wp-content\/uploads\/delano.png\" alt=\"\"><\/p>\n\n\n\n<h2 class=\"wp-block-heading\">D\u00e9lano<\/h2>\n\n\n\n<ul class=\"wp-block-list\">\n<li>Mesa Imperial\u00a010 PAX<\/li>\n<\/ul>\n\n\n\n<figure class=\"wp-block-image\"><img decoding=\"async\" src=\"https:\/\/web.archive.org\/web\/20150902083856im_\/http:\/\/www.club-concepcion.cl\/wp-content\/themes\/club\/images\/imperial.png\" alt=\"\"\/><\/figure>\n","protected":false},"excerpt":{"rendered":"<p>Concepci\u00f3n I Concepci\u00f3n II Concepci\u00f3n I y II B\u00edo B\u00edo Tropical Fundadores Juan Antonio R\u00edos An\u00edbal Pinto D\u00e9lano<\/p>\n","protected":false},"author":1,"featured_media":0,"parent":0,"menu_order":0,"comment_status":"closed","ping_status":"closed","template":"","meta":{"footnotes":""},"class_list":["post-595","page","type-page","status-publish","hentry"],"_links":{"self":[{"href":"https:\/\/club-concepcion.cl\/index.php?rest_route=\/wp\/v2\/pages\/595","targetHints":{"allow":["GET"]}}],"collection":[{"href":"https:\/\/club-concepcion.cl\/index.php?rest_route=\/wp\/v2\/pages"}],"about":[{"href":"https:\/\/club-concepcion.cl\/index.php?rest_route=\/wp\/v2\/types\/page"}],"author":[{"embeddable":true,"href":"https:\/\/club-concepcion.cl\/index.php?rest_route=\/wp\/v2\/users\/1"}],"replies":[{"embeddable":true,"href":"https:\/\/club-concepcion.cl\/index.php?rest_route=%2Fwp%2Fv2%2Fcomments&post=595"}],"version-history":[{"count":6,"href":"https:\/\/club-concepcion.cl\/index.php?rest_route=\/wp\/v2\/pages\/595\/revisions"}],"predecessor-version":[{"id":605,"href":"https:\/\/club-concepcion.cl\/index.php?rest_route=\/wp\/v2\/pages\/595\/revisions\/605"}],"wp:attachment":[{"href":"https:\/\/club-concepcion.cl\/index.php?rest_route=%2Fwp%2Fv2%2Fmedia&parent=595"}],"curies":[{"name":"wp","href":"https:\/\/api.w.org\/{rel}","templated":true}]}}