{"id":632,"date":"2025-07-22T22:42:52","date_gmt":"2025-07-22T22:42:52","guid":{"rendered":"https:\/\/club-concepcion.cl\/?page_id=632"},"modified":"2025-07-22T23:04:17","modified_gmt":"2025-07-22T23:04:17","slug":"galeria-bicentenario","status":"publish","type":"page","link":"https:\/\/club-concepcion.cl\/?page_id=632","title":{"rendered":"Galer\u00eda Bicentenario"},"content":{"rendered":"\n<p><strong>Exposici\u00f3n \u00abRealismo M\u00e1gico\u00bb del artista Andr\u00e9s N\u00fa\u00f1ez Venegas<\/strong><\/p>\n\n\n\n<p>Inaugurada el martes 15 de julio de 2025<\/p>\n\n\n\n<figure class=\"wp-block-gallery has-nested-images columns-default is-cropped wp-block-gallery-1 is-layout-flex wp-block-gallery-is-layout-flex\">\n<figure class=\"wp-block-image size-large is-style-default\"><img loading=\"lazy\" decoding=\"async\" width=\"1024\" height=\"683\" data-id=\"633\" src=\"https:\/\/club-concepcion.cl\/wp-content\/uploads\/2025\/07\/DSC_9183-Medium-1024x683.jpg\" alt=\"\" class=\"wp-image-633\" srcset=\"https:\/\/club-concepcion.cl\/wp-content\/uploads\/2025\/07\/DSC_9183-Medium-1024x683.jpg 1024w, https:\/\/club-concepcion.cl\/wp-content\/uploads\/2025\/07\/DSC_9183-Medium-300x200.jpg 300w, https:\/\/club-concepcion.cl\/wp-content\/uploads\/2025\/07\/DSC_9183-Medium-768x512.jpg 768w, https:\/\/club-concepcion.cl\/wp-content\/uploads\/2025\/07\/DSC_9183-Medium-360x240.jpg 360w, https:\/\/club-concepcion.cl\/wp-content\/uploads\/2025\/07\/DSC_9183-Medium.jpg 1151w\" sizes=\"auto, (max-width: 1024px) 100vw, 1024px\" \/><\/figure>\n\n\n\n<figure class=\"wp-block-image size-large\"><img loading=\"lazy\" decoding=\"async\" width=\"1024\" height=\"683\" data-id=\"636\" src=\"https:\/\/club-concepcion.cl\/wp-content\/uploads\/2025\/07\/DSC_9191-Medium-1024x683.jpg\" alt=\"\" class=\"wp-image-636\" srcset=\"https:\/\/club-concepcion.cl\/wp-content\/uploads\/2025\/07\/DSC_9191-Medium-1024x683.jpg 1024w, https:\/\/club-concepcion.cl\/wp-content\/uploads\/2025\/07\/DSC_9191-Medium-300x200.jpg 300w, https:\/\/club-concepcion.cl\/wp-content\/uploads\/2025\/07\/DSC_9191-Medium-768x512.jpg 768w, https:\/\/club-concepcion.cl\/wp-content\/uploads\/2025\/07\/DSC_9191-Medium-360x240.jpg 360w, https:\/\/club-concepcion.cl\/wp-content\/uploads\/2025\/07\/DSC_9191-Medium.jpg 1151w\" sizes=\"auto, (max-width: 1024px) 100vw, 1024px\" \/><\/figure>\n\n\n\n<figure class=\"wp-block-image size-large\"><img loading=\"lazy\" decoding=\"async\" width=\"1024\" height=\"683\" data-id=\"634\" src=\"https:\/\/club-concepcion.cl\/wp-content\/uploads\/2025\/07\/DSC_9194-Medium-1024x683.jpg\" alt=\"\" class=\"wp-image-634\" srcset=\"https:\/\/club-concepcion.cl\/wp-content\/uploads\/2025\/07\/DSC_9194-Medium-1024x683.jpg 1024w, https:\/\/club-concepcion.cl\/wp-content\/uploads\/2025\/07\/DSC_9194-Medium-300x200.jpg 300w, https:\/\/club-concepcion.cl\/wp-content\/uploads\/2025\/07\/DSC_9194-Medium-768x512.jpg 768w, https:\/\/club-concepcion.cl\/wp-content\/uploads\/2025\/07\/DSC_9194-Medium-360x240.jpg 360w, https:\/\/club-concepcion.cl\/wp-content\/uploads\/2025\/07\/DSC_9194-Medium.jpg 1151w\" sizes=\"auto, (max-width: 1024px) 100vw, 1024px\" \/><\/figure>\n\n\n\n<figure class=\"wp-block-image size-large\"><img loading=\"lazy\" decoding=\"async\" width=\"1024\" height=\"683\" data-id=\"635\" src=\"https:\/\/club-concepcion.cl\/wp-content\/uploads\/2025\/07\/DSC_9198-Medium-1024x683.jpg\" alt=\"\" class=\"wp-image-635\" srcset=\"https:\/\/club-concepcion.cl\/wp-content\/uploads\/2025\/07\/DSC_9198-Medium-1024x683.jpg 1024w, https:\/\/club-concepcion.cl\/wp-content\/uploads\/2025\/07\/DSC_9198-Medium-300x200.jpg 300w, https:\/\/club-concepcion.cl\/wp-content\/uploads\/2025\/07\/DSC_9198-Medium-768x512.jpg 768w, https:\/\/club-concepcion.cl\/wp-content\/uploads\/2025\/07\/DSC_9198-Medium-360x240.jpg 360w, https:\/\/club-concepcion.cl\/wp-content\/uploads\/2025\/07\/DSC_9198-Medium.jpg 1151w\" sizes=\"auto, (max-width: 1024px) 100vw, 1024px\" \/><\/figure>\n\n\n\n<figure class=\"wp-block-image size-large\"><img loading=\"lazy\" decoding=\"async\" width=\"1024\" height=\"683\" data-id=\"637\" src=\"https:\/\/club-concepcion.cl\/wp-content\/uploads\/2025\/07\/DSC_9203-Medium-1024x683.jpg\" alt=\"\" class=\"wp-image-637\" srcset=\"https:\/\/club-concepcion.cl\/wp-content\/uploads\/2025\/07\/DSC_9203-Medium-1024x683.jpg 1024w, https:\/\/club-concepcion.cl\/wp-content\/uploads\/2025\/07\/DSC_9203-Medium-300x200.jpg 300w, https:\/\/club-concepcion.cl\/wp-content\/uploads\/2025\/07\/DSC_9203-Medium-768x512.jpg 768w, https:\/\/club-concepcion.cl\/wp-content\/uploads\/2025\/07\/DSC_9203-Medium-360x240.jpg 360w, https:\/\/club-concepcion.cl\/wp-content\/uploads\/2025\/07\/DSC_9203-Medium.jpg 1151w\" sizes=\"auto, (max-width: 1024px) 100vw, 1024px\" \/><\/figure>\n\n\n\n<figure class=\"wp-block-image size-large\"><img loading=\"lazy\" decoding=\"async\" width=\"1024\" height=\"683\" data-id=\"638\" src=\"https:\/\/club-concepcion.cl\/wp-content\/uploads\/2025\/07\/DSC_9205-Medium-1024x683.jpg\" alt=\"\" class=\"wp-image-638\" srcset=\"https:\/\/club-concepcion.cl\/wp-content\/uploads\/2025\/07\/DSC_9205-Medium-1024x683.jpg 1024w, https:\/\/club-concepcion.cl\/wp-content\/uploads\/2025\/07\/DSC_9205-Medium-300x200.jpg 300w, https:\/\/club-concepcion.cl\/wp-content\/uploads\/2025\/07\/DSC_9205-Medium-768x512.jpg 768w, https:\/\/club-concepcion.cl\/wp-content\/uploads\/2025\/07\/DSC_9205-Medium-360x240.jpg 360w, https:\/\/club-concepcion.cl\/wp-content\/uploads\/2025\/07\/DSC_9205-Medium.jpg 1151w\" sizes=\"auto, (max-width: 1024px) 100vw, 1024px\" \/><\/figure>\n\n\n\n<figure class=\"wp-block-image size-large\"><img loading=\"lazy\" decoding=\"async\" width=\"1024\" height=\"683\" data-id=\"639\" src=\"https:\/\/club-concepcion.cl\/wp-content\/uploads\/2025\/07\/DSC_9208-Medium-1024x683.jpg\" alt=\"\" class=\"wp-image-639\" srcset=\"https:\/\/club-concepcion.cl\/wp-content\/uploads\/2025\/07\/DSC_9208-Medium-1024x683.jpg 1024w, https:\/\/club-concepcion.cl\/wp-content\/uploads\/2025\/07\/DSC_9208-Medium-300x200.jpg 300w, https:\/\/club-concepcion.cl\/wp-content\/uploads\/2025\/07\/DSC_9208-Medium-768x512.jpg 768w, https:\/\/club-concepcion.cl\/wp-content\/uploads\/2025\/07\/DSC_9208-Medium-360x240.jpg 360w, https:\/\/club-concepcion.cl\/wp-content\/uploads\/2025\/07\/DSC_9208-Medium.jpg 1151w\" sizes=\"auto, (max-width: 1024px) 100vw, 1024px\" \/><\/figure>\n\n\n\n<figure class=\"wp-block-image size-large\"><img loading=\"lazy\" decoding=\"async\" width=\"1024\" height=\"683\" data-id=\"640\" src=\"https:\/\/club-concepcion.cl\/wp-content\/uploads\/2025\/07\/DSC_9212-Medium-1024x683.jpg\" alt=\"\" class=\"wp-image-640\" srcset=\"https:\/\/club-concepcion.cl\/wp-content\/uploads\/2025\/07\/DSC_9212-Medium-1024x683.jpg 1024w, https:\/\/club-concepcion.cl\/wp-content\/uploads\/2025\/07\/DSC_9212-Medium-300x200.jpg 300w, https:\/\/club-concepcion.cl\/wp-content\/uploads\/2025\/07\/DSC_9212-Medium-768x512.jpg 768w, https:\/\/club-concepcion.cl\/wp-content\/uploads\/2025\/07\/DSC_9212-Medium-360x240.jpg 360w, https:\/\/club-concepcion.cl\/wp-content\/uploads\/2025\/07\/DSC_9212-Medium.jpg 1151w\" sizes=\"auto, (max-width: 1024px) 100vw, 1024px\" \/><\/figure>\n\n\n\n<figure class=\"wp-block-image size-large\"><img loading=\"lazy\" decoding=\"async\" width=\"1024\" height=\"683\" data-id=\"641\" src=\"https:\/\/club-concepcion.cl\/wp-content\/uploads\/2025\/07\/DSC_9215-Medium-1024x683.jpg\" alt=\"\" class=\"wp-image-641\" srcset=\"https:\/\/club-concepcion.cl\/wp-content\/uploads\/2025\/07\/DSC_9215-Medium-1024x683.jpg 1024w, https:\/\/club-concepcion.cl\/wp-content\/uploads\/2025\/07\/DSC_9215-Medium-300x200.jpg 300w, https:\/\/club-concepcion.cl\/wp-content\/uploads\/2025\/07\/DSC_9215-Medium-768x512.jpg 768w, https:\/\/club-concepcion.cl\/wp-content\/uploads\/2025\/07\/DSC_9215-Medium-360x240.jpg 360w, https:\/\/club-concepcion.cl\/wp-content\/uploads\/2025\/07\/DSC_9215-Medium.jpg 1151w\" sizes=\"auto, (max-width: 1024px) 100vw, 1024px\" \/><\/figure>\n\n\n\n<figure class=\"wp-block-image size-large\"><img loading=\"lazy\" decoding=\"async\" width=\"1024\" height=\"683\" data-id=\"642\" src=\"https:\/\/club-concepcion.cl\/wp-content\/uploads\/2025\/07\/DSC_9217-Medium-1024x683.jpg\" alt=\"\" class=\"wp-image-642\" srcset=\"https:\/\/club-concepcion.cl\/wp-content\/uploads\/2025\/07\/DSC_9217-Medium-1024x683.jpg 1024w, https:\/\/club-concepcion.cl\/wp-content\/uploads\/2025\/07\/DSC_9217-Medium-300x200.jpg 300w, https:\/\/club-concepcion.cl\/wp-content\/uploads\/2025\/07\/DSC_9217-Medium-768x512.jpg 768w, https:\/\/club-concepcion.cl\/wp-content\/uploads\/2025\/07\/DSC_9217-Medium-360x240.jpg 360w, https:\/\/club-concepcion.cl\/wp-content\/uploads\/2025\/07\/DSC_9217-Medium.jpg 1151w\" sizes=\"auto, (max-width: 1024px) 100vw, 1024px\" \/><\/figure>\n\n\n\n<figure class=\"wp-block-image size-large\"><img loading=\"lazy\" decoding=\"async\" width=\"1024\" height=\"683\" data-id=\"643\" src=\"https:\/\/club-concepcion.cl\/wp-content\/uploads\/2025\/07\/DSC_9222-Medium-1024x683.jpg\" alt=\"\" class=\"wp-image-643\" srcset=\"https:\/\/club-concepcion.cl\/wp-content\/uploads\/2025\/07\/DSC_9222-Medium-1024x683.jpg 1024w, https:\/\/club-concepcion.cl\/wp-content\/uploads\/2025\/07\/DSC_9222-Medium-300x200.jpg 300w, https:\/\/club-concepcion.cl\/wp-content\/uploads\/2025\/07\/DSC_9222-Medium-768x512.jpg 768w, https:\/\/club-concepcion.cl\/wp-content\/uploads\/2025\/07\/DSC_9222-Medium-360x240.jpg 360w, https:\/\/club-concepcion.cl\/wp-content\/uploads\/2025\/07\/DSC_9222-Medium.jpg 1151w\" sizes=\"auto, (max-width: 1024px) 100vw, 1024px\" \/><\/figure>\n\n\n\n<figure class=\"wp-block-image size-large\"><img loading=\"lazy\" decoding=\"async\" width=\"1024\" height=\"683\" data-id=\"644\" src=\"https:\/\/club-concepcion.cl\/wp-content\/uploads\/2025\/07\/DSC_9224-Medium-1024x683.jpg\" alt=\"\" class=\"wp-image-644\" srcset=\"https:\/\/club-concepcion.cl\/wp-content\/uploads\/2025\/07\/DSC_9224-Medium-1024x683.jpg 1024w, https:\/\/club-concepcion.cl\/wp-content\/uploads\/2025\/07\/DSC_9224-Medium-300x200.jpg 300w, https:\/\/club-concepcion.cl\/wp-content\/uploads\/2025\/07\/DSC_9224-Medium-768x512.jpg 768w, https:\/\/club-concepcion.cl\/wp-content\/uploads\/2025\/07\/DSC_9224-Medium-360x240.jpg 360w, https:\/\/club-concepcion.cl\/wp-content\/uploads\/2025\/07\/DSC_9224-Medium.jpg 1151w\" sizes=\"auto, (max-width: 1024px) 100vw, 1024px\" \/><\/figure>\n\n\n\n<figure class=\"wp-block-image size-large\"><img loading=\"lazy\" decoding=\"async\" width=\"1024\" height=\"683\" data-id=\"645\" src=\"https:\/\/club-concepcion.cl\/wp-content\/uploads\/2025\/07\/DSC_9230-Medium-1024x683.jpg\" alt=\"\" class=\"wp-image-645\" srcset=\"https:\/\/club-concepcion.cl\/wp-content\/uploads\/2025\/07\/DSC_9230-Medium-1024x683.jpg 1024w, https:\/\/club-concepcion.cl\/wp-content\/uploads\/2025\/07\/DSC_9230-Medium-300x200.jpg 300w, https:\/\/club-concepcion.cl\/wp-content\/uploads\/2025\/07\/DSC_9230-Medium-768x512.jpg 768w, https:\/\/club-concepcion.cl\/wp-content\/uploads\/2025\/07\/DSC_9230-Medium-360x240.jpg 360w, https:\/\/club-concepcion.cl\/wp-content\/uploads\/2025\/07\/DSC_9230-Medium.jpg 1151w\" sizes=\"auto, (max-width: 1024px) 100vw, 1024px\" \/><\/figure>\n\n\n\n<figure class=\"wp-block-image size-large\"><img loading=\"lazy\" decoding=\"async\" width=\"1024\" height=\"683\" data-id=\"646\" src=\"https:\/\/club-concepcion.cl\/wp-content\/uploads\/2025\/07\/DSC_9237-Medium-1024x683.jpg\" alt=\"\" class=\"wp-image-646\" srcset=\"https:\/\/club-concepcion.cl\/wp-content\/uploads\/2025\/07\/DSC_9237-Medium-1024x683.jpg 1024w, https:\/\/club-concepcion.cl\/wp-content\/uploads\/2025\/07\/DSC_9237-Medium-300x200.jpg 300w, https:\/\/club-concepcion.cl\/wp-content\/uploads\/2025\/07\/DSC_9237-Medium-768x512.jpg 768w, https:\/\/club-concepcion.cl\/wp-content\/uploads\/2025\/07\/DSC_9237-Medium-360x240.jpg 360w, https:\/\/club-concepcion.cl\/wp-content\/uploads\/2025\/07\/DSC_9237-Medium.jpg 1151w\" sizes=\"auto, (max-width: 1024px) 100vw, 1024px\" \/><\/figure>\n\n\n\n<figure class=\"wp-block-image size-large\"><img loading=\"lazy\" decoding=\"async\" width=\"1024\" height=\"683\" data-id=\"647\" src=\"https:\/\/club-concepcion.cl\/wp-content\/uploads\/2025\/07\/DSC_9248-Medium-1024x683.jpg\" alt=\"\" class=\"wp-image-647\" srcset=\"https:\/\/club-concepcion.cl\/wp-content\/uploads\/2025\/07\/DSC_9248-Medium-1024x683.jpg 1024w, https:\/\/club-concepcion.cl\/wp-content\/uploads\/2025\/07\/DSC_9248-Medium-300x200.jpg 300w, https:\/\/club-concepcion.cl\/wp-content\/uploads\/2025\/07\/DSC_9248-Medium-768x512.jpg 768w, https:\/\/club-concepcion.cl\/wp-content\/uploads\/2025\/07\/DSC_9248-Medium-360x240.jpg 360w, https:\/\/club-concepcion.cl\/wp-content\/uploads\/2025\/07\/DSC_9248-Medium.jpg 1151w\" sizes=\"auto, (max-width: 1024px) 100vw, 1024px\" \/><\/figure>\n\n\n\n<figure class=\"wp-block-image size-large\"><img loading=\"lazy\" decoding=\"async\" width=\"1024\" height=\"683\" data-id=\"648\" src=\"https:\/\/club-concepcion.cl\/wp-content\/uploads\/2025\/07\/DSC_9249-Medium-1024x683.jpg\" alt=\"\" class=\"wp-image-648\" srcset=\"https:\/\/club-concepcion.cl\/wp-content\/uploads\/2025\/07\/DSC_9249-Medium-1024x683.jpg 1024w, https:\/\/club-concepcion.cl\/wp-content\/uploads\/2025\/07\/DSC_9249-Medium-300x200.jpg 300w, https:\/\/club-concepcion.cl\/wp-content\/uploads\/2025\/07\/DSC_9249-Medium-768x512.jpg 768w, https:\/\/club-concepcion.cl\/wp-content\/uploads\/2025\/07\/DSC_9249-Medium-360x240.jpg 360w, https:\/\/club-concepcion.cl\/wp-content\/uploads\/2025\/07\/DSC_9249-Medium.jpg 1151w\" sizes=\"auto, (max-width: 1024px) 100vw, 1024px\" \/><\/figure>\n\n\n\n<figure class=\"wp-block-image size-large\"><img loading=\"lazy\" decoding=\"async\" width=\"1024\" height=\"683\" data-id=\"649\" src=\"https:\/\/club-concepcion.cl\/wp-content\/uploads\/2025\/07\/DSC_9252-Medium-1024x683.jpg\" alt=\"\" class=\"wp-image-649\" srcset=\"https:\/\/club-concepcion.cl\/wp-content\/uploads\/2025\/07\/DSC_9252-Medium-1024x683.jpg 1024w, https:\/\/club-concepcion.cl\/wp-content\/uploads\/2025\/07\/DSC_9252-Medium-300x200.jpg 300w, https:\/\/club-concepcion.cl\/wp-content\/uploads\/2025\/07\/DSC_9252-Medium-768x512.jpg 768w, https:\/\/club-concepcion.cl\/wp-content\/uploads\/2025\/07\/DSC_9252-Medium-360x240.jpg 360w, https:\/\/club-concepcion.cl\/wp-content\/uploads\/2025\/07\/DSC_9252-Medium.jpg 1151w\" sizes=\"auto, (max-width: 1024px) 100vw, 1024px\" \/><\/figure>\n\n\n\n<figure class=\"wp-block-image size-large\"><img loading=\"lazy\" decoding=\"async\" width=\"1024\" height=\"683\" data-id=\"650\" src=\"https:\/\/club-concepcion.cl\/wp-content\/uploads\/2025\/07\/DSC_9254-Medium-1024x683.jpg\" alt=\"\" class=\"wp-image-650\" srcset=\"https:\/\/club-concepcion.cl\/wp-content\/uploads\/2025\/07\/DSC_9254-Medium-1024x683.jpg 1024w, https:\/\/club-concepcion.cl\/wp-content\/uploads\/2025\/07\/DSC_9254-Medium-300x200.jpg 300w, https:\/\/club-concepcion.cl\/wp-content\/uploads\/2025\/07\/DSC_9254-Medium-768x512.jpg 768w, https:\/\/club-concepcion.cl\/wp-content\/uploads\/2025\/07\/DSC_9254-Medium-360x240.jpg 360w, https:\/\/club-concepcion.cl\/wp-content\/uploads\/2025\/07\/DSC_9254-Medium.jpg 1151w\" sizes=\"auto, (max-width: 1024px) 100vw, 1024px\" \/><\/figure>\n\n\n\n<figure class=\"wp-block-image size-large\"><img loading=\"lazy\" decoding=\"async\" width=\"1024\" height=\"683\" data-id=\"651\" src=\"https:\/\/club-concepcion.cl\/wp-content\/uploads\/2025\/07\/DSC_9260-Medium-1024x683.jpg\" alt=\"\" class=\"wp-image-651\" srcset=\"https:\/\/club-concepcion.cl\/wp-content\/uploads\/2025\/07\/DSC_9260-Medium-1024x683.jpg 1024w, https:\/\/club-concepcion.cl\/wp-content\/uploads\/2025\/07\/DSC_9260-Medium-300x200.jpg 300w, https:\/\/club-concepcion.cl\/wp-content\/uploads\/2025\/07\/DSC_9260-Medium-768x512.jpg 768w, https:\/\/club-concepcion.cl\/wp-content\/uploads\/2025\/07\/DSC_9260-Medium-360x240.jpg 360w, https:\/\/club-concepcion.cl\/wp-content\/uploads\/2025\/07\/DSC_9260-Medium.jpg 1151w\" sizes=\"auto, (max-width: 1024px) 100vw, 1024px\" \/><\/figure>\n\n\n\n<figure class=\"wp-block-image size-large\"><img loading=\"lazy\" decoding=\"async\" width=\"1024\" height=\"683\" data-id=\"652\" src=\"https:\/\/club-concepcion.cl\/wp-content\/uploads\/2025\/07\/DSC_9263-Medium-1024x683.jpg\" alt=\"\" class=\"wp-image-652\" srcset=\"https:\/\/club-concepcion.cl\/wp-content\/uploads\/2025\/07\/DSC_9263-Medium-1024x683.jpg 1024w, https:\/\/club-concepcion.cl\/wp-content\/uploads\/2025\/07\/DSC_9263-Medium-300x200.jpg 300w, https:\/\/club-concepcion.cl\/wp-content\/uploads\/2025\/07\/DSC_9263-Medium-768x512.jpg 768w, https:\/\/club-concepcion.cl\/wp-content\/uploads\/2025\/07\/DSC_9263-Medium-360x240.jpg 360w, https:\/\/club-concepcion.cl\/wp-content\/uploads\/2025\/07\/DSC_9263-Medium.jpg 1151w\" sizes=\"auto, (max-width: 1024px) 100vw, 1024px\" \/><\/figure>\n\n\n\n<figure class=\"wp-block-image size-large\"><img loading=\"lazy\" decoding=\"async\" width=\"1024\" height=\"683\" data-id=\"653\" src=\"https:\/\/club-concepcion.cl\/wp-content\/uploads\/2025\/07\/DSC_9264-Medium-1024x683.jpg\" alt=\"\" class=\"wp-image-653\" srcset=\"https:\/\/club-concepcion.cl\/wp-content\/uploads\/2025\/07\/DSC_9264-Medium-1024x683.jpg 1024w, https:\/\/club-concepcion.cl\/wp-content\/uploads\/2025\/07\/DSC_9264-Medium-300x200.jpg 300w, https:\/\/club-concepcion.cl\/wp-content\/uploads\/2025\/07\/DSC_9264-Medium-768x512.jpg 768w, https:\/\/club-concepcion.cl\/wp-content\/uploads\/2025\/07\/DSC_9264-Medium-360x240.jpg 360w, https:\/\/club-concepcion.cl\/wp-content\/uploads\/2025\/07\/DSC_9264-Medium.jpg 1151w\" sizes=\"auto, (max-width: 1024px) 100vw, 1024px\" \/><\/figure>\n\n\n\n<figure class=\"wp-block-image size-large\"><img loading=\"lazy\" decoding=\"async\" width=\"1024\" height=\"683\" data-id=\"654\" src=\"https:\/\/club-concepcion.cl\/wp-content\/uploads\/2025\/07\/DSC_9267-Medium-1024x683.jpg\" alt=\"\" class=\"wp-image-654\" srcset=\"https:\/\/club-concepcion.cl\/wp-content\/uploads\/2025\/07\/DSC_9267-Medium-1024x683.jpg 1024w, https:\/\/club-concepcion.cl\/wp-content\/uploads\/2025\/07\/DSC_9267-Medium-300x200.jpg 300w, https:\/\/club-concepcion.cl\/wp-content\/uploads\/2025\/07\/DSC_9267-Medium-768x512.jpg 768w, https:\/\/club-concepcion.cl\/wp-content\/uploads\/2025\/07\/DSC_9267-Medium-360x240.jpg 360w, https:\/\/club-concepcion.cl\/wp-content\/uploads\/2025\/07\/DSC_9267-Medium.jpg 1151w\" sizes=\"auto, (max-width: 1024px) 100vw, 1024px\" \/><\/figure>\n\n\n\n<figure class=\"wp-block-image size-large\"><img loading=\"lazy\" decoding=\"async\" width=\"1024\" height=\"683\" data-id=\"655\" src=\"https:\/\/club-concepcion.cl\/wp-content\/uploads\/2025\/07\/DSC_9268-Medium-1024x683.jpg\" alt=\"\" class=\"wp-image-655\" srcset=\"https:\/\/club-concepcion.cl\/wp-content\/uploads\/2025\/07\/DSC_9268-Medium-1024x683.jpg 1024w, https:\/\/club-concepcion.cl\/wp-content\/uploads\/2025\/07\/DSC_9268-Medium-300x200.jpg 300w, https:\/\/club-concepcion.cl\/wp-content\/uploads\/2025\/07\/DSC_9268-Medium-768x512.jpg 768w, https:\/\/club-concepcion.cl\/wp-content\/uploads\/2025\/07\/DSC_9268-Medium-360x240.jpg 360w, https:\/\/club-concepcion.cl\/wp-content\/uploads\/2025\/07\/DSC_9268-Medium.jpg 1151w\" sizes=\"auto, (max-width: 1024px) 100vw, 1024px\" \/><\/figure>\n\n\n\n<figure class=\"wp-block-image size-large\"><img loading=\"lazy\" decoding=\"async\" width=\"1024\" height=\"683\" data-id=\"656\" src=\"https:\/\/club-concepcion.cl\/wp-content\/uploads\/2025\/07\/DSC_9271-Medium-1024x683.jpg\" alt=\"\" class=\"wp-image-656\" srcset=\"https:\/\/club-concepcion.cl\/wp-content\/uploads\/2025\/07\/DSC_9271-Medium-1024x683.jpg 1024w, https:\/\/club-concepcion.cl\/wp-content\/uploads\/2025\/07\/DSC_9271-Medium-300x200.jpg 300w, https:\/\/club-concepcion.cl\/wp-content\/uploads\/2025\/07\/DSC_9271-Medium-768x512.jpg 768w, https:\/\/club-concepcion.cl\/wp-content\/uploads\/2025\/07\/DSC_9271-Medium-360x240.jpg 360w, https:\/\/club-concepcion.cl\/wp-content\/uploads\/2025\/07\/DSC_9271-Medium.jpg 1151w\" sizes=\"auto, (max-width: 1024px) 100vw, 1024px\" \/><\/figure>\n\n\n\n<figure class=\"wp-block-image size-large\"><img loading=\"lazy\" decoding=\"async\" width=\"1024\" height=\"683\" data-id=\"657\" src=\"https:\/\/club-concepcion.cl\/wp-content\/uploads\/2025\/07\/DSC_9274-Medium-1024x683.jpg\" alt=\"\" class=\"wp-image-657\" srcset=\"https:\/\/club-concepcion.cl\/wp-content\/uploads\/2025\/07\/DSC_9274-Medium-1024x683.jpg 1024w, https:\/\/club-concepcion.cl\/wp-content\/uploads\/2025\/07\/DSC_9274-Medium-300x200.jpg 300w, https:\/\/club-concepcion.cl\/wp-content\/uploads\/2025\/07\/DSC_9274-Medium-768x512.jpg 768w, https:\/\/club-concepcion.cl\/wp-content\/uploads\/2025\/07\/DSC_9274-Medium-360x240.jpg 360w, https:\/\/club-concepcion.cl\/wp-content\/uploads\/2025\/07\/DSC_9274-Medium.jpg 1151w\" sizes=\"auto, (max-width: 1024px) 100vw, 1024px\" \/><\/figure>\n\n\n\n<figure class=\"wp-block-image size-large\"><img loading=\"lazy\" decoding=\"async\" width=\"1024\" height=\"683\" data-id=\"658\" src=\"https:\/\/club-concepcion.cl\/wp-content\/uploads\/2025\/07\/DSC_9277-Medium-1024x683.jpg\" alt=\"\" class=\"wp-image-658\" srcset=\"https:\/\/club-concepcion.cl\/wp-content\/uploads\/2025\/07\/DSC_9277-Medium-1024x683.jpg 1024w, https:\/\/club-concepcion.cl\/wp-content\/uploads\/2025\/07\/DSC_9277-Medium-300x200.jpg 300w, https:\/\/club-concepcion.cl\/wp-content\/uploads\/2025\/07\/DSC_9277-Medium-768x512.jpg 768w, https:\/\/club-concepcion.cl\/wp-content\/uploads\/2025\/07\/DSC_9277-Medium-360x240.jpg 360w, https:\/\/club-concepcion.cl\/wp-content\/uploads\/2025\/07\/DSC_9277-Medium.jpg 1151w\" sizes=\"auto, (max-width: 1024px) 100vw, 1024px\" \/><\/figure>\n\n\n\n<figure class=\"wp-block-image size-large\"><img loading=\"lazy\" decoding=\"async\" width=\"1024\" height=\"683\" data-id=\"659\" src=\"https:\/\/club-concepcion.cl\/wp-content\/uploads\/2025\/07\/DSC_9280-Medium-1024x683.jpg\" alt=\"\" class=\"wp-image-659\" srcset=\"https:\/\/club-concepcion.cl\/wp-content\/uploads\/2025\/07\/DSC_9280-Medium-1024x683.jpg 1024w, https:\/\/club-concepcion.cl\/wp-content\/uploads\/2025\/07\/DSC_9280-Medium-300x200.jpg 300w, https:\/\/club-concepcion.cl\/wp-content\/uploads\/2025\/07\/DSC_9280-Medium-768x512.jpg 768w, https:\/\/club-concepcion.cl\/wp-content\/uploads\/2025\/07\/DSC_9280-Medium-360x240.jpg 360w, https:\/\/club-concepcion.cl\/wp-content\/uploads\/2025\/07\/DSC_9280-Medium.jpg 1151w\" sizes=\"auto, (max-width: 1024px) 100vw, 1024px\" \/><\/figure>\n\n\n\n<figure class=\"wp-block-image size-large\"><img loading=\"lazy\" decoding=\"async\" width=\"1024\" height=\"683\" data-id=\"660\" src=\"https:\/\/club-concepcion.cl\/wp-content\/uploads\/2025\/07\/DSC_9283-Medium-1024x683.jpg\" alt=\"\" class=\"wp-image-660\" srcset=\"https:\/\/club-concepcion.cl\/wp-content\/uploads\/2025\/07\/DSC_9283-Medium-1024x683.jpg 1024w, https:\/\/club-concepcion.cl\/wp-content\/uploads\/2025\/07\/DSC_9283-Medium-300x200.jpg 300w, https:\/\/club-concepcion.cl\/wp-content\/uploads\/2025\/07\/DSC_9283-Medium-768x512.jpg 768w, https:\/\/club-concepcion.cl\/wp-content\/uploads\/2025\/07\/DSC_9283-Medium-360x240.jpg 360w, https:\/\/club-concepcion.cl\/wp-content\/uploads\/2025\/07\/DSC_9283-Medium.jpg 1151w\" sizes=\"auto, (max-width: 1024px) 100vw, 1024px\" \/><\/figure>\n\n\n\n<figure class=\"wp-block-image size-large\"><img loading=\"lazy\" decoding=\"async\" width=\"1024\" height=\"683\" data-id=\"661\" src=\"https:\/\/club-concepcion.cl\/wp-content\/uploads\/2025\/07\/DSC_9302-Medium-1024x683.jpg\" alt=\"\" class=\"wp-image-661\" srcset=\"https:\/\/club-concepcion.cl\/wp-content\/uploads\/2025\/07\/DSC_9302-Medium-1024x683.jpg 1024w, https:\/\/club-concepcion.cl\/wp-content\/uploads\/2025\/07\/DSC_9302-Medium-300x200.jpg 300w, https:\/\/club-concepcion.cl\/wp-content\/uploads\/2025\/07\/DSC_9302-Medium-768x512.jpg 768w, https:\/\/club-concepcion.cl\/wp-content\/uploads\/2025\/07\/DSC_9302-Medium-360x240.jpg 360w, https:\/\/club-concepcion.cl\/wp-content\/uploads\/2025\/07\/DSC_9302-Medium.jpg 1151w\" sizes=\"auto, (max-width: 1024px) 100vw, 1024px\" \/><\/figure>\n\n\n\n<figure class=\"wp-block-image size-large\"><img loading=\"lazy\" decoding=\"async\" width=\"1024\" height=\"683\" data-id=\"662\" src=\"https:\/\/club-concepcion.cl\/wp-content\/uploads\/2025\/07\/DSC_9305-Medium-1024x683.jpg\" alt=\"\" class=\"wp-image-662\" srcset=\"https:\/\/club-concepcion.cl\/wp-content\/uploads\/2025\/07\/DSC_9305-Medium-1024x683.jpg 1024w, https:\/\/club-concepcion.cl\/wp-content\/uploads\/2025\/07\/DSC_9305-Medium-300x200.jpg 300w, https:\/\/club-concepcion.cl\/wp-content\/uploads\/2025\/07\/DSC_9305-Medium-768x512.jpg 768w, https:\/\/club-concepcion.cl\/wp-content\/uploads\/2025\/07\/DSC_9305-Medium-360x240.jpg 360w, https:\/\/club-concepcion.cl\/wp-content\/uploads\/2025\/07\/DSC_9305-Medium.jpg 1151w\" sizes=\"auto, (max-width: 1024px) 100vw, 1024px\" \/><\/figure>\n<\/figure>\n\n\n\n<p><\/p>\n","protected":false},"excerpt":{"rendered":"<p>Exposici\u00f3n \u00abRealismo M\u00e1gico\u00bb del artista Andr\u00e9s N\u00fa\u00f1ez Venegas Inaugurada el martes 15 de julio de 2025<\/p>\n","protected":false},"author":1,"featured_media":0,"parent":0,"menu_order":0,"comment_status":"closed","ping_status":"closed","template":"","meta":{"footnotes":""},"class_list":["post-632","page","type-page","status-publish","hentry"],"_links":{"self":[{"href":"https:\/\/club-concepcion.cl\/index.php?rest_route=\/wp\/v2\/pages\/632","targetHints":{"allow":["GET"]}}],"collection":[{"href":"https:\/\/club-concepcion.cl\/index.php?rest_route=\/wp\/v2\/pages"}],"about":[{"href":"https:\/\/club-concepcion.cl\/index.php?rest_route=\/wp\/v2\/types\/page"}],"author":[{"embeddable":true,"href":"https:\/\/club-concepcion.cl\/index.php?rest_route=\/wp\/v2\/users\/1"}],"replies":[{"embeddable":true,"href":"https:\/\/club-concepcion.cl\/index.php?rest_route=%2Fwp%2Fv2%2Fcomments&post=632"}],"version-history":[{"count":3,"href":"https:\/\/club-concepcion.cl\/index.php?rest_route=\/wp\/v2\/pages\/632\/revisions"}],"predecessor-version":[{"id":666,"href":"https:\/\/club-concepcion.cl\/index.php?rest_route=\/wp\/v2\/pages\/632\/revisions\/666"}],"wp:attachment":[{"href":"https:\/\/club-concepcion.cl\/index.php?rest_route=%2Fwp%2Fv2%2Fmedia&parent=632"}],"curies":[{"name":"wp","href":"https:\/\/api.w.org\/{rel}","templated":true}]}}