{"id":723,"date":"2025-08-20T21:04:29","date_gmt":"2025-08-20T21:04:29","guid":{"rendered":"https:\/\/club-concepcion.cl\/?page_id=723"},"modified":"2025-08-29T13:01:57","modified_gmt":"2025-08-29T13:01:57","slug":"723-2","status":"publish","type":"page","link":"https:\/\/club-concepcion.cl\/?page_id=723","title":{"rendered":"Comit\u00e9 Cultural"},"content":{"rendered":"<p><head><br \/>\n  <title>Mes de la Patria y la Primavera<\/title><\/p>\n<style>\n    body {\n      font-family: Arial, sans-serif;\n      background-color: #f9f9f9;\n      margin: 0;\n      padding: 0;\n    }\n    .container {\n      max-width: 1000px;\n      margin: -20px ;\n      padding: 10px 20px;\n    }\n    h1 {\n      text-align: center;\n      font-size: 4rem;\n      color: #333;\n      margin-bottom: 30px;\n    }\n    .grid {\n      display: grid;\n      grid-template-columns: repeat(auto-fit, minmax(300px, 1fr));\n      gap: 10px;\n    }\n    .card {\n      background: #fff;\n      border-radius: 15px;\n      box-shadow: 0 4px 8px rgba(0,0,0,0.1);\n      overflow: hidden;\n      display: flex;\n      flex-direction: column;\n      transition: transform 0.2s;\n    }\n    .card:hover {\n      transform: scale(1.02);\n    }\n    .card img {\n      width: 100%;\n      height: 200px;\n      object-fit: cover;\n    }\n    .card-content {\n      flex: 1;\n      display: flex;\n      flex-direction: column;\n      justify-content: space-between;\n      padding: 20px;\n    }\n    .card h2 {\n      font-size: 1.9rem;\n      margin: 0 0 10px;\n      color: #444;\n    }\n    .card p {\n      font-size: 0.9rem;\n      color: #666;\n      margin-bottom: 15px;\n    }\n    .card a {\n      text-decoration: none;\n      background: #2c3e50;\n      color: #fff;\n      padding: 10px 15px;\n      border-radius: 8px;\n      text-align: center;\n      transition: background 0.3s;\n    }\n    .card a:hover {\n      background: #1a242f;\n    }<\/p>\n<\/style>\n<p><\/head><\/p>\n<div class=\"container\">\n<h1>Panorama Cultural del Mes<\/h1>\n<div class=\"grid\">\n<div class=\"card\"><img decoding=\"async\" src=\"https:\/\/club-concepcion.cl\/wp-content\/uploads\/2025\/08\/OHiggins.jpeg\" alt=\"CONFERENCIA: BERNARDO O'HIGGINS Y LAS PROVINCIAS DEL SUR\" \/><\/p>\n<div class=\"card-content\">\n<div>\n<center><\/p>\n<h2>\nCONFERENCIA: BERNARDO O&#8217;HIGGINS Y LAS PROVINCIAS DEL SUR<br \/>\n<br \/>\nSociedad de Historia de Concepci\u00f3n<br \/>\n<\/h2>\n<p><\/center><br \/>\nMi\u00e9rcoles 10 de septiembre, 19:00 hrs<\/p>\n<\/div>\n<p><a href=\"\/eventos\/jazz\">Ver m\u00e1s<\/a><\/p>\n<\/div>\n<\/div>\n<div class=\"card\"><img decoding=\"async\" src=\"https:\/\/club-concepcion.cl\/wp-content\/uploads\/2025\/08\/MujeryPrimavera.jpg\" alt=\"INAUGURACI\u00d3N EXPOSICI\u00d3N: MUJER Y PRIMAVERA\" \/><\/p>\n<div class=\"card-content\">\n<div>\n<center><\/p>\n<h2>\nINAUGURACI\u00d3N EXPOSICI\u00d3N: MUJER Y PRIMAVERA<br \/>\n<br \/>\nAl\u00e9 C\u00e9renic y Pamela Goldberg<br \/>\n<\/h2>\n<p><\/center><br \/>\nMi\u00e9rcoles 24 de septiembre, 19:00 hrs<\/p>\n<\/div>\n<p><a href=\"\/eventos\/camara\">Ver m\u00e1s<\/a><\/p>\n<\/div>\n<\/div>\n<div class=\"card\"><img decoding=\"async\" src=\"https:\/\/club-concepcion.cl\/wp-content\/uploads\/2025\/08\/ConceOLD.jpg\" alt=\"CONFERENCIA INSTITUTO O'HIGGINIANO\" \/><\/p>\n<div class=\"card-content\">\n<div>\n<center><\/p>\n<h2>\nCONFERENCIA INSTITUTO O&#8217;HIGGINIANO<br \/>\n<br \/>\nInstituto O&#8217;Higginiano<br \/>\n<\/h2>\n<p><\/center><br \/>\nMartes 30 de septiembre, 19:00 hrs<\/p>\n<\/div>\n<p><a href=\"\/eventos\/italia\">Ver m\u00e1s<\/a><\/p>\n<\/div>\n<\/div>\n<\/div>\n<\/div>\n","protected":false},"excerpt":{"rendered":"<p>Mes de la Patria y la Primavera Panorama Cultural del Mes CONFERENCIA: BERNARDO O&#8217;HIGGINS Y LAS PROVINCIAS DEL SUR Sociedad de Historia de Concepci\u00f3n Mi\u00e9rcoles 10 de septiembre, 19:00 hrs Ver m\u00e1s INAUGURACI\u00d3N EXPOSICI\u00d3N: MUJER Y PRIMAVERA Al\u00e9 C\u00e9renic y Pamela Goldberg Mi\u00e9rcoles 24 de septiembre, 19:00 hrs Ver m\u00e1s [&hellip;]<\/p>\n","protected":false},"author":1,"featured_media":0,"parent":0,"menu_order":0,"comment_status":"closed","ping_status":"closed","template":"","meta":{"footnotes":""},"class_list":["post-723","page","type-page","status-publish","hentry"],"_links":{"self":[{"href":"https:\/\/club-concepcion.cl\/index.php?rest_route=\/wp\/v2\/pages\/723","targetHints":{"allow":["GET"]}}],"collection":[{"href":"https:\/\/club-concepcion.cl\/index.php?rest_route=\/wp\/v2\/pages"}],"about":[{"href":"https:\/\/club-concepcion.cl\/index.php?rest_route=\/wp\/v2\/types\/page"}],"author":[{"embeddable":true,"href":"https:\/\/club-concepcion.cl\/index.php?rest_route=\/wp\/v2\/users\/1"}],"replies":[{"embeddable":true,"href":"https:\/\/club-concepcion.cl\/index.php?rest_route=%2Fwp%2Fv2%2Fcomments&post=723"}],"version-history":[{"count":93,"href":"https:\/\/club-concepcion.cl\/index.php?rest_route=\/wp\/v2\/pages\/723\/revisions"}],"predecessor-version":[{"id":841,"href":"https:\/\/club-concepcion.cl\/index.php?rest_route=\/wp\/v2\/pages\/723\/revisions\/841"}],"wp:attachment":[{"href":"https:\/\/club-concepcion.cl\/index.php?rest_route=%2Fwp%2Fv2%2Fmedia&parent=723"}],"curies":[{"name":"wp","href":"https:\/\/api.w.org\/{rel}","templated":true}]}}